{"id":286,"date":"2024-09-27T16:04:57","date_gmt":"2024-09-27T16:04:57","guid":{"rendered":"https:\/\/meritoautomacao.com.br\/site\/?page_id=286"},"modified":"2024-09-27T16:08:56","modified_gmt":"2024-09-27T16:08:56","slug":"maquinas-hidraulicas-2","status":"publish","type":"page","link":"https:\/\/meritoautomacao.com.br\/site\/maquinas-hidraulicas-2\/","title":{"rendered":"M\u00e1quinas Hidr\u00e1ulicas"},"content":{"rendered":"\t\t<div data-elementor-type=\"wp-page\" data-elementor-id=\"286\" class=\"elementor elementor-286\">\n\t\t\t\t<div class=\"elementor-element elementor-element-3eac38c e-flex e-con-boxed e-con e-parent\" data-id=\"3eac38c\" data-element_type=\"container\">\n\t\t\t\t\t<div class=\"e-con-inner\">\n\t\t\t\t<div class=\"elementor-element elementor-element-a74d15d elementor-widget elementor-widget-text-editor\" data-id=\"a74d15d\" data-element_type=\"widget\" data-widget_type=\"text-editor.default\">\n\t\t\t\t<div class=\"elementor-widget-container\">\n\t\t\t<style>\/*! elementor - v3.23.0 - 15-07-2024 *\/\n.elementor-widget-text-editor.elementor-drop-cap-view-stacked .elementor-drop-cap{background-color:#69727d;color:#fff}.elementor-widget-text-editor.elementor-drop-cap-view-framed .elementor-drop-cap{color:#69727d;border:3px solid;background-color:transparent}.elementor-widget-text-editor:not(.elementor-drop-cap-view-default) .elementor-drop-cap{margin-top:8px}.elementor-widget-text-editor:not(.elementor-drop-cap-view-default) .elementor-drop-cap-letter{width:1em;height:1em}.elementor-widget-text-editor .elementor-drop-cap{float:left;text-align:center;line-height:1;font-size:50px}.elementor-widget-text-editor .elementor-drop-cap-letter{display:inline-block}<\/style>\t\t\t\t<p>* Prensas Hidr\u00e1ulicas dos mais variados modelos do mercado e especiais, com capacidades de 5 a 500 toneladas;<\/p><p>* Prensas Hidropneum\u00e1ticas dos mais variados modelos do mercado e especiais, com capacidades de 4 a 80 toneladas;<\/p><p>* Prensas Pneum\u00e1ticas dos mais variados modelos do mercado e especiais, com capacidade de 100 a 5.000 quilos;<\/p><p>* Cilindros Hidr\u00e1ulicos normalizados e especiais;<\/p><p>* Cilindros Hidropneum\u00e1ticos de 4, 11, 18, 28, 45, 60 e 80 toneladas;<\/p><p>* Unidades Hidr\u00e1ulicas de acordo com a necessidade do cliente.<\/p><p>* Blocos Hidr\u00e1ulicos padr\u00f5es e especiais;<\/p><p>* Unidade de Pulveriza\u00e7\u00e3o de \u00f3leo para processos de estamparia progressiva e outros.<\/p>\t\t\t\t\t\t<\/div>\n\t\t\t\t<\/div>\n\t\t\t\t\t<\/div>\n\t\t\t\t<\/div>\n\t\t<div class=\"elementor-element elementor-element-072e9b7 e-flex e-con-boxed e-con e-parent\" data-id=\"072e9b7\" data-element_type=\"container\">\n\t\t\t\t\t<div class=\"e-con-inner\">\n\t\t\t\t<div class=\"elementor-element elementor-element-4eef86d elementor-widget elementor-widget-image\" data-id=\"4eef86d\" data-element_type=\"widget\" data-widget_type=\"image.default\">\n\t\t\t\t<div class=\"elementor-widget-container\">\n\t\t\t<style>\/*! elementor - v3.23.0 - 15-07-2024 *\/\n.elementor-widget-image{text-align:center}.elementor-widget-image a{display:inline-block}.elementor-widget-image a img[src$=\".svg\"]{width:48px}.elementor-widget-image img{vertical-align:middle;display:inline-block}<\/style>\t\t\t\t\t\t\t\t\t\t<img fetchpriority=\"high\" decoding=\"async\" width=\"687\" height=\"468\" src=\"https:\/\/meritoautomacao.com.br\/site\/wp-content\/uploads\/2024\/09\/maquinas-hidraulicas.jpg\" class=\"attachment-large size-large wp-image-288\" alt=\"\" srcset=\"https:\/\/meritoautomacao.com.br\/site\/wp-content\/uploads\/2024\/09\/maquinas-hidraulicas.jpg 687w, https:\/\/meritoautomacao.com.br\/site\/wp-content\/uploads\/2024\/09\/maquinas-hidraulicas-300x204.jpg 300w\" sizes=\"(max-width: 687px) 100vw, 687px\" \/>\t\t\t\t\t\t\t\t\t\t\t\t\t<\/div>\n\t\t\t\t<\/div>\n\t\t\t\t\t<\/div>\n\t\t\t\t<\/div>\n\t\t<div class=\"elementor-element elementor-element-ba26dbe e-flex e-con-boxed e-con e-parent\" data-id=\"ba26dbe\" data-element_type=\"container\">\n\t\t\t\t\t<div class=\"e-con-inner\">\n\t\t\t\t<div class=\"elementor-element elementor-element-6b661c1 elementor-widget elementor-widget-heading\" data-id=\"6b661c1\" data-element_type=\"widget\" data-widget_type=\"heading.default\">\n\t\t\t\t<div class=\"elementor-widget-container\">\n\t\t\t<style>\/*! elementor - v3.23.0 - 15-07-2024 *\/\n.elementor-heading-title{padding:0;margin:0;line-height:1}.elementor-widget-heading .elementor-heading-title[class*=elementor-size-]>a{color:inherit;font-size:inherit;line-height:inherit}.elementor-widget-heading .elementor-heading-title.elementor-size-small{font-size:15px}.elementor-widget-heading .elementor-heading-title.elementor-size-medium{font-size:19px}.elementor-widget-heading .elementor-heading-title.elementor-size-large{font-size:29px}.elementor-widget-heading .elementor-heading-title.elementor-size-xl{font-size:39px}.elementor-widget-heading .elementor-heading-title.elementor-size-xxl{font-size:59px}<\/style><h4 class=\"elementor-heading-title elementor-size-default\">Unidade Hidr\u00e1ulica<\/h4>\t\t<\/div>\n\t\t\t\t<\/div>\n\t\t\t\t\t<\/div>\n\t\t\t\t<\/div>\n\t\t<div class=\"elementor-element elementor-element-2785fea e-flex e-con-boxed e-con e-parent\" data-id=\"2785fea\" data-element_type=\"container\">\n\t\t\t\t\t<div class=\"e-con-inner\">\n\t\t\t\t<div class=\"elementor-element elementor-element-c690b60 elementor-widget elementor-widget-image\" data-id=\"c690b60\" data-element_type=\"widget\" data-widget_type=\"image.default\">\n\t\t\t\t<div class=\"elementor-widget-container\">\n\t\t\t\t\t\t\t\t\t\t\t\t\t<img decoding=\"async\" width=\"685\" height=\"487\" src=\"https:\/\/meritoautomacao.com.br\/site\/wp-content\/uploads\/2024\/09\/unidades-hidraulicas.jpg\" class=\"attachment-large size-large wp-image-289\" alt=\"\" srcset=\"https:\/\/meritoautomacao.com.br\/site\/wp-content\/uploads\/2024\/09\/unidades-hidraulicas.jpg 685w, https:\/\/meritoautomacao.com.br\/site\/wp-content\/uploads\/2024\/09\/unidades-hidraulicas-300x213.jpg 300w\" sizes=\"(max-width: 685px) 100vw, 685px\" \/>\t\t\t\t\t\t\t\t\t\t\t\t\t<\/div>\n\t\t\t\t<\/div>\n\t\t\t\t\t<\/div>\n\t\t\t\t<\/div>\n\t\t<div class=\"elementor-element elementor-element-7f140f6 e-flex e-con-boxed e-con e-parent\" data-id=\"7f140f6\" data-element_type=\"container\">\n\t\t\t\t\t<div class=\"e-con-inner\">\n\t\t\t\t<div class=\"elementor-element elementor-element-4dbfff8 elementor-widget elementor-widget-heading\" data-id=\"4dbfff8\" data-element_type=\"widget\" data-widget_type=\"heading.default\">\n\t\t\t\t<div class=\"elementor-widget-container\">\n\t\t\t<h4 class=\"elementor-heading-title elementor-size-default\">Tamb\u00e9m oferecemos Manuten\u00e7\u00e3o, Retrofiting e Melhorias<\/h4>\t\t<\/div>\n\t\t\t\t<\/div>\n\t\t\t\t\t<\/div>\n\t\t\t\t<\/div>\n\t\t<div class=\"elementor-element elementor-element-ad770a2 e-flex e-con-boxed e-con e-parent\" data-id=\"ad770a2\" data-element_type=\"container\">\n\t\t\t\t\t<div class=\"e-con-inner\">\n\t\t\t\t<div class=\"elementor-element elementor-element-39d2408 elementor-widget elementor-widget-text-editor\" data-id=\"39d2408\" data-element_type=\"widget\" data-widget_type=\"text-editor.default\">\n\t\t\t\t<div class=\"elementor-widget-container\">\n\t\t\t\t\t\t\t<p>* Prensas Hidr\u00e1ulicas, Hidropneum\u00e1ticas e Pneum\u00e1ticas de todas as marcas e modelos;<\/p><p>* Dobradeiras e Guilhotinas Hidr\u00e1ulicas de todas as marcas e modelos;<\/p><p>* Cilindros e Unidades Hidr\u00e1ulicas;<\/p><p>Fornecemos pe\u00e7as de reposi\u00e7\u00e3o de Hidr\u00e1ulica, Pneum\u00e1tica e El\u00e9trica.<\/p>\t\t\t\t\t\t<\/div>\n\t\t\t\t<\/div>\n\t\t\t\t\t<\/div>\n\t\t\t\t<\/div>\n\t\t\t\t<\/div>\n\t\t","protected":false},"excerpt":{"rendered":"<p>* Prensas Hidr\u00e1ulicas dos mais variados modelos do mercado e especiais, com capacidades de 5 a 500 toneladas; * Prensas Hidropneum\u00e1ticas dos mais variados modelos do mercado e especiais, com capacidades de 4 a 80 toneladas; * Prensas Pneum\u00e1ticas dos mais variados modelos do mercado e especiais, com capacidade de 100 a 5.000 quilos; * [&hellip;]<\/p>\n","protected":false},"author":1,"featured_media":0,"parent":0,"menu_order":0,"comment_status":"closed","ping_status":"closed","template":"","meta":{"footnotes":""},"class_list":["post-286","page","type-page","status-publish","hentry"],"aioseo_notices":[],"_links":{"self":[{"href":"https:\/\/meritoautomacao.com.br\/site\/wp-json\/wp\/v2\/pages\/286","targetHints":{"allow":["GET"]}}],"collection":[{"href":"https:\/\/meritoautomacao.com.br\/site\/wp-json\/wp\/v2\/pages"}],"about":[{"href":"https:\/\/meritoautomacao.com.br\/site\/wp-json\/wp\/v2\/types\/page"}],"author":[{"embeddable":true,"href":"https:\/\/meritoautomacao.com.br\/site\/wp-json\/wp\/v2\/users\/1"}],"replies":[{"embeddable":true,"href":"https:\/\/meritoautomacao.com.br\/site\/wp-json\/wp\/v2\/comments?post=286"}],"version-history":[{"count":4,"href":"https:\/\/meritoautomacao.com.br\/site\/wp-json\/wp\/v2\/pages\/286\/revisions"}],"predecessor-version":[{"id":292,"href":"https:\/\/meritoautomacao.com.br\/site\/wp-json\/wp\/v2\/pages\/286\/revisions\/292"}],"wp:attachment":[{"href":"https:\/\/meritoautomacao.com.br\/site\/wp-json\/wp\/v2\/media?parent=286"}],"curies":[{"name":"wp","href":"https:\/\/api.w.org\/{rel}","templated":true}]}}