{"id":271,"date":"2024-09-27T13:49:36","date_gmt":"2024-09-27T13:49:36","guid":{"rendered":"https:\/\/meritoautomacao.com.br\/site\/?page_id=271"},"modified":"2024-09-27T14:15:42","modified_gmt":"2024-09-27T14:15:42","slug":"prensas","status":"publish","type":"page","link":"https:\/\/meritoautomacao.com.br\/site\/prensas\/","title":{"rendered":"Prensas"},"content":{"rendered":"\t\t<div data-elementor-type=\"wp-page\" data-elementor-id=\"271\" class=\"elementor elementor-271\">\n\t\t\t\t<div class=\"elementor-element elementor-element-4c27035 e-flex e-con-boxed e-con e-parent\" data-id=\"4c27035\" data-element_type=\"container\">\n\t\t\t\t\t<div class=\"e-con-inner\">\n\t\t<div class=\"elementor-element elementor-element-1aefe62 e-con-full e-flex e-con e-child\" data-id=\"1aefe62\" data-element_type=\"container\">\n\t\t\t\t<div class=\"elementor-element elementor-element-aec1011 elementor-widget elementor-widget-image\" data-id=\"aec1011\" data-element_type=\"widget\" data-widget_type=\"image.default\">\n\t\t\t\t<div class=\"elementor-widget-container\">\n\t\t\t<style>\/*! elementor - v3.23.0 - 15-07-2024 *\/\n.elementor-widget-image{text-align:center}.elementor-widget-image a{display:inline-block}.elementor-widget-image a img[src$=\".svg\"]{width:48px}.elementor-widget-image img{vertical-align:middle;display:inline-block}<\/style>\t\t\t\t\t\t\t\t\t\t<img fetchpriority=\"high\" decoding=\"async\" width=\"225\" height=\"585\" src=\"https:\/\/meritoautomacao.com.br\/site\/wp-content\/uploads\/2024\/09\/prensa-hidropneumatica-em-c-mphp.jpg\" class=\"attachment-large size-large wp-image-274\" alt=\"\" srcset=\"https:\/\/meritoautomacao.com.br\/site\/wp-content\/uploads\/2024\/09\/prensa-hidropneumatica-em-c-mphp.jpg 225w, https:\/\/meritoautomacao.com.br\/site\/wp-content\/uploads\/2024\/09\/prensa-hidropneumatica-em-c-mphp-115x300.jpg 115w\" sizes=\"(max-width: 225px) 100vw, 225px\" \/>\t\t\t\t\t\t\t\t\t\t\t\t\t<\/div>\n\t\t\t\t<\/div>\n\t\t\t\t<\/div>\n\t\t<div class=\"elementor-element elementor-element-4e7ed03 e-con-full e-flex e-con e-child\" data-id=\"4e7ed03\" data-element_type=\"container\">\n\t\t\t\t<div class=\"elementor-element elementor-element-4ce27b0 elementor-widget elementor-widget-heading\" data-id=\"4ce27b0\" data-element_type=\"widget\" data-widget_type=\"heading.default\">\n\t\t\t\t<div class=\"elementor-widget-container\">\n\t\t\t<style>\/*! elementor - v3.23.0 - 15-07-2024 *\/\n.elementor-heading-title{padding:0;margin:0;line-height:1}.elementor-widget-heading .elementor-heading-title[class*=elementor-size-]>a{color:inherit;font-size:inherit;line-height:inherit}.elementor-widget-heading .elementor-heading-title.elementor-size-small{font-size:15px}.elementor-widget-heading .elementor-heading-title.elementor-size-medium{font-size:19px}.elementor-widget-heading .elementor-heading-title.elementor-size-large{font-size:29px}.elementor-widget-heading .elementor-heading-title.elementor-size-xl{font-size:39px}.elementor-widget-heading .elementor-heading-title.elementor-size-xxl{font-size:59px}<\/style><h4 class=\"elementor-heading-title elementor-size-default\">Prensa Hidropneum\u00e1tico em \"C\" Modelo MPHP de 4 a 45 Ton.<\/h4>\t\t<\/div>\n\t\t\t\t<\/div>\n\t\t\t\t<div class=\"elementor-element elementor-element-1ee2a8c elementor-widget elementor-widget-text-editor\" data-id=\"1ee2a8c\" data-element_type=\"widget\" data-widget_type=\"text-editor.default\">\n\t\t\t\t<div class=\"elementor-widget-container\">\n\t\t\t<style>\/*! elementor - v3.23.0 - 15-07-2024 *\/\n.elementor-widget-text-editor.elementor-drop-cap-view-stacked .elementor-drop-cap{background-color:#69727d;color:#fff}.elementor-widget-text-editor.elementor-drop-cap-view-framed .elementor-drop-cap{color:#69727d;border:3px solid;background-color:transparent}.elementor-widget-text-editor:not(.elementor-drop-cap-view-default) .elementor-drop-cap{margin-top:8px}.elementor-widget-text-editor:not(.elementor-drop-cap-view-default) .elementor-drop-cap-letter{width:1em;height:1em}.elementor-widget-text-editor .elementor-drop-cap{float:left;text-align:center;line-height:1;font-size:50px}.elementor-widget-text-editor .elementor-drop-cap-letter{display:inline-block}<\/style>\t\t\t\t<p>Com a prensa MPHP a M\u00e9rito une a alta tecnologia com a robustez e durabilidade de seus produtos.<\/p><p>Exerce a for\u00e7a de um equipamento hidr\u00e1ulico com o uso somente de ar comprimido.<\/p><p>Alia a velocidade e custo operacional da pneum\u00e1tica com a for\u00e7a e a uniformidade de movimento da hidr\u00e1ulica. Substitui com vantagens as prensas convencionais em opera\u00e7\u00f5es de rebitar, marcar, cravar, montar, embutir, etc.<\/p><p>O modelo MCHP tem programa\u00e7\u00e3o da for\u00e7a exercida de modo digital, com grande precis\u00e3o e repetibilidade.<\/p><p>Com CPL de grande capacidade (16 entradas e 16 sa\u00eddas) com fun\u00e7\u00f5es para extrator, mesa rotativa, porta pneum\u00e1tica, sensores de pe\u00e7as, mesa com gaveta, possibilita a instala\u00e7\u00e3o de outros equipamentos, pois o CLP tem v\u00e1rias sa\u00eddas e entradas livres.<\/p><p>Comando bimanual classe 4, que atende as normas de seguran\u00e7a. Base em a\u00e7o de grande resist\u00eancia, bancada em a\u00e7o, cilindro hidropneum\u00e1tico de constru\u00e7\u00e3o simples e robusta.<\/p><p>Cursos: 60mm total, sendo 10mm de for\u00e7a hidr\u00e1ulica e 100mm total sendo 20mm de for\u00e7a hidr\u00e1ulica.<\/p>\t\t\t\t\t\t<\/div>\n\t\t\t\t<\/div>\n\t\t\t\t<\/div>\n\t\t\t\t\t<\/div>\n\t\t\t\t<\/div>\n\t\t<div class=\"elementor-element elementor-element-eabd801 e-flex e-con-boxed e-con e-parent\" data-id=\"eabd801\" data-element_type=\"container\">\n\t\t\t\t\t<div class=\"e-con-inner\">\n\t\t<div class=\"elementor-element elementor-element-d6ba6bf e-con-full e-flex e-con e-child\" data-id=\"d6ba6bf\" data-element_type=\"container\">\n\t\t\t\t<div class=\"elementor-element elementor-element-3647ed7 elementor-widget elementor-widget-image\" data-id=\"3647ed7\" data-element_type=\"widget\" data-widget_type=\"image.default\">\n\t\t\t\t<div class=\"elementor-widget-container\">\n\t\t\t\t\t\t\t\t\t\t\t\t\t<img decoding=\"async\" width=\"317\" height=\"709\" src=\"https:\/\/meritoautomacao.com.br\/site\/wp-content\/uploads\/2024\/09\/prensa-hidropneumatica-4-colunas.jpg\" class=\"attachment-large size-large wp-image-273\" alt=\"\" srcset=\"https:\/\/meritoautomacao.com.br\/site\/wp-content\/uploads\/2024\/09\/prensa-hidropneumatica-4-colunas.jpg 317w, https:\/\/meritoautomacao.com.br\/site\/wp-content\/uploads\/2024\/09\/prensa-hidropneumatica-4-colunas-134x300.jpg 134w\" sizes=\"(max-width: 317px) 100vw, 317px\" \/>\t\t\t\t\t\t\t\t\t\t\t\t\t<\/div>\n\t\t\t\t<\/div>\n\t\t\t\t<\/div>\n\t\t<div class=\"elementor-element elementor-element-b30eaf1 e-con-full e-flex e-con e-child\" data-id=\"b30eaf1\" data-element_type=\"container\">\n\t\t\t\t<div class=\"elementor-element elementor-element-a086504 elementor-widget elementor-widget-heading\" data-id=\"a086504\" data-element_type=\"widget\" data-widget_type=\"heading.default\">\n\t\t\t\t<div class=\"elementor-widget-container\">\n\t\t\t<h4 class=\"elementor-heading-title elementor-size-default\">Prensa Hidropneum\u00e1tica 4 Colunas Modelo MPHO-4C de 4 a 45 Ton.<\/h4>\t\t<\/div>\n\t\t\t\t<\/div>\n\t\t\t\t<div class=\"elementor-element elementor-element-6eabf66 elementor-widget elementor-widget-text-editor\" data-id=\"6eabf66\" data-element_type=\"widget\" data-widget_type=\"text-editor.default\">\n\t\t\t\t<div class=\"elementor-widget-container\">\n\t\t\t\t\t\t\t<p>Com a prensa MPHP-4C a M\u00e9rito Automa\u00e7\u00e3o apresenta uma m\u00e1quina de baixo custo com a robustez e durabilidade de seus produtos.<\/p><p>Exerce a for\u00e7a de um equipamento hidr\u00e1ulico com o uso somente de ar comprimido.<\/p><p>Alia a velocidade e custo operacional da pneum\u00e1tica com a for\u00e7a e a uniformidade de movimento da hidr\u00e1ulica. Substitui com vantagens as prensas convencionais em opera\u00e7\u00f5es de rebitar, marcar, cravar, montar, embutir, etc.<\/p><p>O modelo MCHP-4C possui comando bimanual e man\u00f4metro indicador da for\u00e7a exercida.<\/p><p>Base em a\u00e7o de grande resist\u00eancia, sem bancada, cilindro hidropneum\u00e1tico de constru\u00e7\u00e3o simples e robusta.<\/p><p>Cursos: 60mm total, sendo 10mm de for\u00e7a hidr\u00e1ulica e 100mm total sendo 20mm de for\u00e7a hidr\u00e1ulica.<\/p><p>A pedido pode ser instalado controle de for\u00e7a digital.<\/p><p>\u00a0<\/p>\t\t\t\t\t\t<\/div>\n\t\t\t\t<\/div>\n\t\t\t\t<\/div>\n\t\t\t\t\t<\/div>\n\t\t\t\t<\/div>\n\t\t<div class=\"elementor-element elementor-element-a37923a e-flex e-con-boxed e-con e-parent\" data-id=\"a37923a\" data-element_type=\"container\">\n\t\t\t\t\t<div class=\"e-con-inner\">\n\t\t<div class=\"elementor-element elementor-element-57a66b8 e-con-full e-flex e-con e-child\" data-id=\"57a66b8\" data-element_type=\"container\">\n\t\t\t\t<div class=\"elementor-element elementor-element-1ac7bfd elementor-widget elementor-widget-image\" data-id=\"1ac7bfd\" data-element_type=\"widget\" data-widget_type=\"image.default\">\n\t\t\t\t<div class=\"elementor-widget-container\">\n\t\t\t\t\t\t\t\t\t\t\t\t\t<img decoding=\"async\" width=\"298\" height=\"507\" src=\"https:\/\/meritoautomacao.com.br\/site\/wp-content\/uploads\/2024\/09\/Prensa-impacto.jpg\" class=\"attachment-large size-large wp-image-275\" alt=\"\" srcset=\"https:\/\/meritoautomacao.com.br\/site\/wp-content\/uploads\/2024\/09\/Prensa-impacto.jpg 298w, https:\/\/meritoautomacao.com.br\/site\/wp-content\/uploads\/2024\/09\/Prensa-impacto-176x300.jpg 176w\" sizes=\"(max-width: 298px) 100vw, 298px\" \/>\t\t\t\t\t\t\t\t\t\t\t\t\t<\/div>\n\t\t\t\t<\/div>\n\t\t\t\t<div class=\"elementor-element elementor-element-2c1d293 elementor-widget elementor-widget-heading\" data-id=\"2c1d293\" data-element_type=\"widget\" data-widget_type=\"heading.default\">\n\t\t\t\t<div class=\"elementor-widget-container\">\n\t\t\t<h5 class=\"elementor-heading-title elementor-size-default\">Prensa de Impacto<\/h5>\t\t<\/div>\n\t\t\t\t<\/div>\n\t\t\t\t<\/div>\n\t\t<div class=\"elementor-element elementor-element-f0da940 e-con-full e-flex e-con e-child\" data-id=\"f0da940\" data-element_type=\"container\">\n\t\t\t\t<div class=\"elementor-element elementor-element-f6e2911 elementor-widget elementor-widget-image\" data-id=\"f6e2911\" data-element_type=\"widget\" data-widget_type=\"image.default\">\n\t\t\t\t<div class=\"elementor-widget-container\">\n\t\t\t\t\t\t\t\t\t\t\t\t\t<img loading=\"lazy\" decoding=\"async\" width=\"293\" height=\"529\" src=\"https:\/\/meritoautomacao.com.br\/site\/wp-content\/uploads\/2024\/09\/prensa-pneumatica.jpg\" class=\"attachment-large size-large wp-image-276\" alt=\"\" srcset=\"https:\/\/meritoautomacao.com.br\/site\/wp-content\/uploads\/2024\/09\/prensa-pneumatica.jpg 293w, https:\/\/meritoautomacao.com.br\/site\/wp-content\/uploads\/2024\/09\/prensa-pneumatica-166x300.jpg 166w\" sizes=\"(max-width: 293px) 100vw, 293px\" \/>\t\t\t\t\t\t\t\t\t\t\t\t\t<\/div>\n\t\t\t\t<\/div>\n\t\t\t\t<div class=\"elementor-element elementor-element-24ce07e elementor-widget elementor-widget-heading\" data-id=\"24ce07e\" data-element_type=\"widget\" data-widget_type=\"heading.default\">\n\t\t\t\t<div class=\"elementor-widget-container\">\n\t\t\t<h5 class=\"elementor-heading-title elementor-size-default\">Prensa Pneum\u00e1tica<\/h5>\t\t<\/div>\n\t\t\t\t<\/div>\n\t\t\t\t<\/div>\n\t\t\t\t\t<\/div>\n\t\t\t\t<\/div>\n\t\t<div class=\"elementor-element elementor-element-595a1c9 e-flex e-con-boxed e-con e-parent\" data-id=\"595a1c9\" data-element_type=\"container\">\n\t\t\t\t\t<div class=\"e-con-inner\">\n\t\t<div class=\"elementor-element elementor-element-eca8eca e-con-full e-flex e-con e-child\" data-id=\"eca8eca\" data-element_type=\"container\">\n\t\t\t\t<\/div>\n\t\t<div class=\"elementor-element elementor-element-4bd13bf e-con-full e-flex e-con e-child\" data-id=\"4bd13bf\" data-element_type=\"container\">\n\t\t\t\t<\/div>\n\t\t\t\t\t<\/div>\n\t\t\t\t<\/div>\n\t\t\t\t<\/div>\n\t\t","protected":false},"excerpt":{"rendered":"<p>Prensa Hidropneum\u00e1tico em &#8220;C&#8221; Modelo MPHP de 4 a 45 Ton. Com a prensa MPHP a M\u00e9rito une a alta tecnologia com a robustez e durabilidade de seus produtos. Exerce a for\u00e7a de um equipamento hidr\u00e1ulico com o uso somente de ar comprimido. Alia a velocidade e custo operacional da pneum\u00e1tica com a for\u00e7a e [&hellip;]<\/p>\n","protected":false},"author":1,"featured_media":0,"parent":0,"menu_order":0,"comment_status":"closed","ping_status":"closed","template":"","meta":{"footnotes":""},"class_list":["post-271","page","type-page","status-publish","hentry"],"aioseo_notices":[],"_links":{"self":[{"href":"https:\/\/meritoautomacao.com.br\/site\/wp-json\/wp\/v2\/pages\/271","targetHints":{"allow":["GET"]}}],"collection":[{"href":"https:\/\/meritoautomacao.com.br\/site\/wp-json\/wp\/v2\/pages"}],"about":[{"href":"https:\/\/meritoautomacao.com.br\/site\/wp-json\/wp\/v2\/types\/page"}],"author":[{"embeddable":true,"href":"https:\/\/meritoautomacao.com.br\/site\/wp-json\/wp\/v2\/users\/1"}],"replies":[{"embeddable":true,"href":"https:\/\/meritoautomacao.com.br\/site\/wp-json\/wp\/v2\/comments?post=271"}],"version-history":[{"count":4,"href":"https:\/\/meritoautomacao.com.br\/site\/wp-json\/wp\/v2\/pages\/271\/revisions"}],"predecessor-version":[{"id":279,"href":"https:\/\/meritoautomacao.com.br\/site\/wp-json\/wp\/v2\/pages\/271\/revisions\/279"}],"wp:attachment":[{"href":"https:\/\/meritoautomacao.com.br\/site\/wp-json\/wp\/v2\/media?parent=271"}],"curies":[{"name":"wp","href":"https:\/\/api.w.org\/{rel}","templated":true}]}}