{"id":260,"date":"2024-09-20T19:09:01","date_gmt":"2024-09-20T19:09:01","guid":{"rendered":"https:\/\/meritoautomacao.com.br\/site\/?page_id=260"},"modified":"2024-09-20T19:09:02","modified_gmt":"2024-09-20T19:09:02","slug":"merito-automacao","status":"publish","type":"page","link":"https:\/\/meritoautomacao.com.br\/site\/merito-automacao\/","title":{"rendered":"Sobre a M\u00e9rito Automa\u00e7\u00e3o"},"content":{"rendered":"\n<p>Empresa constitu\u00edda com profissionais de mais 20 anos de experi\u00eancia em manuten\u00e7\u00e3o e automa\u00e7\u00e3o pneum\u00e1tica e hidr\u00e1ulica na ind\u00fastria. Fornecendo para nossos clientes os melhores produtos e servi\u00e7os para suas necessidades.<\/p>\n\n\n\n<h3 class=\"wp-block-heading\">MISS\u00c3O:<\/h3>\n\n\n\n<p>Oferecer solu\u00e7\u00f5es em Pneum\u00e1tica, Hidr\u00e1ulica e Automa\u00e7\u00e3o com tecnologia de ponta, garantindo a excel\u00eancia e efici\u00eancia na aplica\u00e7\u00e3o do projeto.<\/p>\n\n\n\n<h3 class=\"wp-block-heading\">VIS\u00c3O:<\/h3>\n\n\n\n<p>Ser refer\u00eancia no mercado buscando o reconhecimento dos clientes no fornecimento dos produtos do nosso segmento.<\/p>\n\n\n\n<h3 class=\"wp-block-heading\">VALORES:<\/h3>\n\n\n\n<p>&#8211; Confian\u00e7a<br>&#8211; Transpar\u00eancia<br>&#8211; Agilidade<br>&#8211; \u00c9tica<br>&#8211; Comprometimento<br>&#8211; Melhoria Continua<br>&#8211; Valoriza\u00e7\u00e3o do Capital Humano<\/p>\n","protected":false},"excerpt":{"rendered":"<p>Empresa constitu\u00edda com profissionais de mais 20 anos de experi\u00eancia em manuten\u00e7\u00e3o e automa\u00e7\u00e3o pneum\u00e1tica e hidr\u00e1ulica na ind\u00fastria. Fornecendo para nossos clientes os melhores produtos e servi\u00e7os para suas necessidades. MISS\u00c3O: Oferecer solu\u00e7\u00f5es em Pneum\u00e1tica, Hidr\u00e1ulica e Automa\u00e7\u00e3o com tecnologia de ponta, garantindo a excel\u00eancia e efici\u00eancia na aplica\u00e7\u00e3o do projeto. VIS\u00c3O: Ser refer\u00eancia [&hellip;]<\/p>\n","protected":false},"author":1,"featured_media":0,"parent":0,"menu_order":0,"comment_status":"closed","ping_status":"closed","template":"","meta":{"footnotes":""},"class_list":["post-260","page","type-page","status-publish","hentry"],"aioseo_notices":[],"_links":{"self":[{"href":"https:\/\/meritoautomacao.com.br\/site\/wp-json\/wp\/v2\/pages\/260","targetHints":{"allow":["GET"]}}],"collection":[{"href":"https:\/\/meritoautomacao.com.br\/site\/wp-json\/wp\/v2\/pages"}],"about":[{"href":"https:\/\/meritoautomacao.com.br\/site\/wp-json\/wp\/v2\/types\/page"}],"author":[{"embeddable":true,"href":"https:\/\/meritoautomacao.com.br\/site\/wp-json\/wp\/v2\/users\/1"}],"replies":[{"embeddable":true,"href":"https:\/\/meritoautomacao.com.br\/site\/wp-json\/wp\/v2\/comments?post=260"}],"version-history":[{"count":1,"href":"https:\/\/meritoautomacao.com.br\/site\/wp-json\/wp\/v2\/pages\/260\/revisions"}],"predecessor-version":[{"id":261,"href":"https:\/\/meritoautomacao.com.br\/site\/wp-json\/wp\/v2\/pages\/260\/revisions\/261"}],"wp:attachment":[{"href":"https:\/\/meritoautomacao.com.br\/site\/wp-json\/wp\/v2\/media?parent=260"}],"curies":[{"name":"wp","href":"https:\/\/api.w.org\/{rel}","templated":true}]}}